{"id":2148,"date":"2016-07-19T10:32:17","date_gmt":"2016-07-19T08:32:17","guid":{"rendered":"https:\/\/djvicentegallart.live-website.com\/?page_id=2148"},"modified":"2023-06-04T16:26:29","modified_gmt":"2023-06-04T14:26:29","slug":"inicio","status":"publish","type":"page","link":"https:\/\/djvicentegallart.com\/","title":{"rendered":"Inicio"},"content":{"rendered":"<!-- wp:themify-builder\/canvas \/-->","protected":false},"excerpt":{"rendered":"","protected":false},"author":1,"featured_media":0,"parent":0,"menu_order":0,"comment_status":"closed","ping_status":"closed","template":"","meta":{"footnotes":""},"class_list":["post-2148","page","type-page","status-publish","hentry","has-post-title","has-post-date","has-post-category","has-post-tag","has-post-comment","has-post-author",""],"builder_content":"<h1 style=\"text-align: center;\">BIO<\/h1>\n<p><b>Vicente Gallart<\/b> es el primer <b>fashion dj<\/b> de origen espa\u00f1ol y comenz\u00f3 su andadura en el a\u00f1o 2004. Ha desarrollado casi toda su prol\u00edfica carrera en Madrid, donde ha pinchado en decenas de\u00a0eventos para todo tipo de firmas de moda y belleza y para empresas interesadas en interaccionar con el p\u00fablico fashionista. Al mismo tiempo, ha sido <b>editor de moda<\/b> de revistas como Vogue Espa\u00f1a y GQ Espa\u00f1a, trabaja como <b>profesor<\/b> en escuelas de dise\u00f1o como el Cond\u00e9 Nast College, ejerce como <b><i>influencer<\/i><\/b> a trav\u00e9s de la web <a href=\"https:\/\/www.ecolover.life\">ecolover.life<\/a> y es el <b>autor<\/b> de los libros <i>100% Naty, el manual de estilo de Naty Abascal,<\/i>\u00a0<i>Irresistibles, 100 a\u00f1os de it girls en la moda <\/i>y <i>Viaje a trav\u00e9s de la Moda.<\/i>\u00a0Para \u00e9l, la moda y la m\u00fasica forman un t\u00e1ndem perfecto y, por ello, no duda en seguir dedic\u00e1ndole toda su atenci\u00f3n y su energ\u00eda.<\/p>\n<p><b>Vicente Gallart<\/b>\u00a0is the original Spanish\u00a0<b>fashion dj<\/b>\u00a0and he began his career in 2004. He has worked mainly in Madrid, where he has played in dozens of events for many fashion and beauty labels and for other companies that wished to connect with the fashionista audience. At same time, he has worked as\u00a0<b>fashion features editor<\/b>\u00a0for magazines such as Vogue Espa\u00f1a and GQ Espa\u00f1a, as\u00a0<b>teacher <\/b>works<b>\u00a0<\/b>for design schools like Cond\u00e9 Nast College, exercises as <b>influencer\u00a0<\/b>through his own website\u00a0<b><a href=\"https:\/\/ecolover.life\">ecolover.life<\/a>\u00a0<\/b>and is the\u00a0<b>author<\/b>\u00a0behind the books\u00a0<i>100% Naty, el manual de estilo de Naty Abascal<\/i>\u00a0and\u00a0<i>Irresistibles,100 a\u00f1os de it girls en la moda <\/i>and<i>Viaje a trav\u00e9s de la Moda. <\/i>For him, fashion and music are the perfect couple and that\u00b4s because he continues to dedicate all his attention and energy to both.<\/p>\n<h1 style=\"text-align: center;\">WORKS<\/h1>\n<p>[gallery type=\"thumbnails\" link=\"none\" columns=\"4\" ids=\"2146,2145,2143,2142,2144,2141,2140,2139,2136,2132,2138,2125,2137,2135,2133,2134,2131,2130,2128,2127,2129,2126,2124,2123,2122,2109,2113,2104,2121,2120,2119,2118,2117,2116,2115,2114,2112,2111,2110,2108,2107,2106,2105,2102\"]<\/p>\n<h1 style=\"text-align: center;\">MUSIC<\/h1>\n<h3> 70\u00b4s funkydisco <\/h3> Chic, Michael Jackson, Donna Summer, Imagination, Diana Ross, Earth, Wind & Fire, Blondie, Marvin Gaye, Sister Sledge, Barry White, Labelle, Boney M\u2026\u00a0\n<h3> 80\u00b4s electropop <\/h3> Grace\u00a0Jones, Human League, David Bowie, Kraftwerk, Soft Cell, Propaganda, Tears for Fears, Yazoo, Bronski Beat, Eurythmics, A-ha, O.M.D., Depeche Mode, Visage\u2026\n<h3> 90\u00b4s eurodance <\/h3> Technotronic, Snap, Daft Punk, Gala, Ultra Nat\u00e9, Black Box, Madonna, Ace of Base, C+C Music Factory, Deee-Lite, Robin S, Cher, Cristal Waters, Right Said Fred\u2026\n<h1 style=\"text-align: center;\">PICTURES<\/h1>\n<img loading=\"lazy\" decoding=\"async\" width=\"1473\" height=\"1140\" src=\"https:\/\/djvicentegallart.com\/wp-content\/uploads\/2017\/10\/Vicente-Gallart-1.jpg\" title=\"Vicente Gallart 1\" alt=\"Vicente Gallart 1\" srcset=\"https:\/\/djvicentegallart.com\/wp-content\/uploads\/2017\/10\/Vicente-Gallart-1.jpg 1473w, https:\/\/djvicentegallart.com\/wp-content\/uploads\/2017\/10\/Vicente-Gallart-1-768x594.jpg 768w\" sizes=\"auto, (max-width: 1473px) 100vw, 1473px\" \/>\n<img loading=\"lazy\" decoding=\"async\" width=\"1108\" height=\"1495\" src=\"https:\/\/djvicentegallart.com\/wp-content\/uploads\/2017\/10\/Vicente-Gallart-2.jpg\" title=\"Vicente Gallart 2\" alt=\"Vicente Gallart 2\" srcset=\"https:\/\/djvicentegallart.com\/wp-content\/uploads\/2017\/10\/Vicente-Gallart-2.jpg 1108w, https:\/\/djvicentegallart.com\/wp-content\/uploads\/2017\/10\/Vicente-Gallart-2-768x1036.jpg 768w\" sizes=\"auto, (max-width: 1108px) 100vw, 1108px\" \/>\n<img loading=\"lazy\" decoding=\"async\" width=\"1202\" height=\"1098\" src=\"https:\/\/djvicentegallart.com\/wp-content\/uploads\/2017\/10\/Vicente-Gallart-3.jpg\" title=\"Vicente Gallart 3\" alt=\"Vicente Gallart 3\" srcset=\"https:\/\/djvicentegallart.com\/wp-content\/uploads\/2017\/10\/Vicente-Gallart-3.jpg 1202w, https:\/\/djvicentegallart.com\/wp-content\/uploads\/2017\/10\/Vicente-Gallart-3-768x702.jpg 768w\" sizes=\"auto, (max-width: 1202px) 100vw, 1202px\" \/>\n\n<img loading=\"lazy\" decoding=\"async\" width=\"807\" height=\"1210\" src=\"https:\/\/djvicentegallart.com\/wp-content\/uploads\/2016\/07\/Beach-Club-VINCCI.jpg\" title=\"Beach Club VINCCI\" alt=\"Beach Club VINCCI\" srcset=\"https:\/\/djvicentegallart.com\/wp-content\/uploads\/2016\/07\/Beach-Club-VINCCI.jpg 807w, https:\/\/djvicentegallart.com\/wp-content\/uploads\/2016\/07\/Beach-Club-VINCCI-768x1152.jpg 768w, https:\/\/djvicentegallart.com\/wp-content\/uploads\/2016\/07\/Beach-Club-VINCCI-300x450.jpg 300w\" sizes=\"auto, (max-width: 807px) 100vw, 807px\" \/>\n<img loading=\"lazy\" decoding=\"async\" width=\"1200\" height=\"1800\" src=\"https:\/\/djvicentegallart.com\/wp-content\/uploads\/2016\/07\/MG_9931.jpg\" title=\"Funky Town\" alt=\"Funky Town\" srcset=\"https:\/\/djvicentegallart.com\/wp-content\/uploads\/2016\/07\/MG_9931.jpg 1200w, https:\/\/djvicentegallart.com\/wp-content\/uploads\/2016\/07\/MG_9931-768x1152.jpg 768w\" sizes=\"auto, (max-width: 1200px) 100vw, 1200px\" \/>\n<img loading=\"lazy\" decoding=\"async\" width=\"1368\" height=\"2048\" src=\"https:\/\/djvicentegallart.com\/wp-content\/uploads\/2016\/07\/dj-VG-by-Nacho-Urbon.jpg\" title=\"dj VG by Nacho Urbon\" alt=\"dj VG by Nacho Urbon\" srcset=\"https:\/\/djvicentegallart.com\/wp-content\/uploads\/2016\/07\/dj-VG-by-Nacho-Urbon.jpg 1368w, https:\/\/djvicentegallart.com\/wp-content\/uploads\/2016\/07\/dj-VG-by-Nacho-Urbon-768x1150.jpg 768w, https:\/\/djvicentegallart.com\/wp-content\/uploads\/2016\/07\/dj-VG-by-Nacho-Urbon-300x450.jpg 300w\" sizes=\"auto, (max-width: 1368px) 100vw, 1368px\" \/>\n\n<img loading=\"lazy\" decoding=\"async\" width=\"479\" height=\"425\" src=\"https:\/\/djvicentegallart.com\/wp-content\/uploads\/2016\/07\/vicente-funkytown-2.jpg\" title=\"vicente-funkytown-2\" alt=\"vicente-funkytown-2\">\n<img loading=\"lazy\" decoding=\"async\" width=\"612\" height=\"612\" src=\"https:\/\/djvicentegallart.com\/wp-content\/uploads\/2016\/07\/dj-Gallart.jpg\" title=\"dj Gallart\" alt=\"dj Gallart\" srcset=\"https:\/\/djvicentegallart.com\/wp-content\/uploads\/2016\/07\/dj-Gallart.jpg 612w, https:\/\/djvicentegallart.com\/wp-content\/uploads\/2016\/07\/dj-Gallart-450x450.jpg 450w\" sizes=\"auto, (max-width: 612px) 100vw, 612px\" \/>\n<img loading=\"lazy\" decoding=\"async\" width=\"480\" height=\"640\" src=\"https:\/\/djvicentegallart.com\/wp-content\/uploads\/2016\/07\/FullSizeRender.jpg\" title=\"FullSizeRender\" alt=\"FullSizeRender\" srcset=\"https:\/\/djvicentegallart.com\/wp-content\/uploads\/2016\/07\/FullSizeRender.jpg 480w, https:\/\/djvicentegallart.com\/wp-content\/uploads\/2016\/07\/FullSizeRender-337x450.jpg 337w\" sizes=\"auto, (max-width: 480px) 100vw, 480px\" \/>\n\n<img loading=\"lazy\" decoding=\"async\" width=\"1033\" height=\"902\" src=\"https:\/\/djvicentegallart.com\/wp-content\/uploads\/2016\/07\/funk151.jpg\" title=\"Funky Town\" alt=\"Funky Town\" srcset=\"https:\/\/djvicentegallart.com\/wp-content\/uploads\/2016\/07\/funk151.jpg 1033w, https:\/\/djvicentegallart.com\/wp-content\/uploads\/2016\/07\/funk151-768x671.jpg 768w\" sizes=\"auto, (max-width: 1033px) 100vw, 1033px\" \/>\n<img loading=\"lazy\" decoding=\"async\" width=\"1338\" height=\"1129\" src=\"https:\/\/djvicentegallart.com\/wp-content\/uploads\/2016\/07\/IMG_0214-copia.jpg\" title=\"Funky Town\" alt=\"Funky Town\" srcset=\"https:\/\/djvicentegallart.com\/wp-content\/uploads\/2016\/07\/IMG_0214-copia.jpg 1338w, https:\/\/djvicentegallart.com\/wp-content\/uploads\/2016\/07\/IMG_0214-copia-768x648.jpg 768w\" sizes=\"auto, (max-width: 1338px) 100vw, 1338px\" \/>\n<img loading=\"lazy\" decoding=\"async\" width=\"960\" height=\"640\" src=\"https:\/\/djvicentegallart.com\/wp-content\/uploads\/2016\/07\/vicente-funkytown.jpg\" title=\"vicente-funkytown\" alt=\"vicente-funkytown\" srcset=\"https:\/\/djvicentegallart.com\/wp-content\/uploads\/2016\/07\/vicente-funkytown.jpg 960w, https:\/\/djvicentegallart.com\/wp-content\/uploads\/2016\/07\/vicente-funkytown-768x512.jpg 768w\" sizes=\"auto, (max-width: 960px) 100vw, 960px\" \/>\n\n<img loading=\"lazy\" decoding=\"async\" width=\"2048\" height=\"1536\" src=\"https:\/\/djvicentegallart.com\/wp-content\/uploads\/2016\/07\/Vicente-Gallart-DJ.jpg\" title=\"Vicente Gallart DJ\" alt=\"Vicente Gallart DJ\" srcset=\"https:\/\/djvicentegallart.com\/wp-content\/uploads\/2016\/07\/Vicente-Gallart-DJ.jpg 2048w, https:\/\/djvicentegallart.com\/wp-content\/uploads\/2016\/07\/Vicente-Gallart-DJ-768x576.jpg 768w\" sizes=\"auto, (max-width: 2048px) 100vw, 2048px\" \/>\n<img loading=\"lazy\" decoding=\"async\" width=\"708\" height=\"472\" src=\"https:\/\/djvicentegallart.com\/wp-content\/uploads\/2016\/07\/Vicente-Gallart-DJ-2.jpg\" title=\"Vicente Gallart DJ 2\" alt=\"Vicente Gallart DJ 2\">\n<h1 style=\"text-align: center;\">COLLABORATIONS<\/h1>\n<h3 style=\"text-align: center;\">con <strong>Mayte de la Iglesia<\/strong><\/h3>\n\n<p><b>Vicente Gallart<\/b>\u00a0forma con la modelo y\u00a0<i>blogger<\/i>\u00a0<b>Mayte de la Iglesia<\/b>\u00a0el d\u00fao de fashion djs\u00a0<b>FULANA &amp; MENGANA<\/b>\u00a0desde 2015. Afincados en Madrid, hasta el momento han puesto m\u00fasica con \u00e9xito en eventos para firmas como Tiffany &amp; Co., Tommy Hilfiger y Est\u00e9e Lauder. Su estilo al pinchar es ecl\u00e9ctico, siguiendo muy de cerca las tendencias musicales que triunfan en la pasarela internacional.<\/p>\n<p><b>Vicente Gallart<\/b>\u00a0collaborates with the model and blogger\u00a0<b>Mayte de la Iglesia<\/b>\u00a0and together they are the duo of fashion djs\u00a0<b>FULANA &amp; MENGANA<\/b>\u00a0since 2015. Based in Madrid, they have played music successfully in events for the labels Tiffany &amp; Co., Tommy Hilfiger and Est\u00e9e Lauder. Their style playing is eclectic, following very closely the musical trends that arrive from the international catwalk.<\/p>\n<img loading=\"lazy\" decoding=\"async\" width=\"1400\" height=\"1800\" src=\"https:\/\/djvicentegallart.com\/wp-content\/uploads\/2016\/07\/fulana-mengana-dj-4.jpg\" title=\"fulana-mengana-dj-4\" alt=\"fulana-mengana-dj-4\" srcset=\"https:\/\/djvicentegallart.com\/wp-content\/uploads\/2016\/07\/fulana-mengana-dj-4.jpg 1400w, https:\/\/djvicentegallart.com\/wp-content\/uploads\/2016\/07\/fulana-mengana-dj-4-768x987.jpg 768w, https:\/\/djvicentegallart.com\/wp-content\/uploads\/2016\/07\/fulana-mengana-dj-4-466x600.jpg 466w, https:\/\/djvicentegallart.com\/wp-content\/uploads\/2016\/07\/fulana-mengana-dj-4-500x642.jpg 500w\" sizes=\"auto, (max-width: 1400px) 100vw, 1400px\" \/>\n<img loading=\"lazy\" decoding=\"async\" width=\"1400\" height=\"1800\" src=\"https:\/\/djvicentegallart.com\/wp-content\/uploads\/2016\/07\/fulana-mengana-dj-3.jpg\" title=\"fulana-mengana-dj-3\" alt=\"fulana-mengana-dj-3\" srcset=\"https:\/\/djvicentegallart.com\/wp-content\/uploads\/2016\/07\/fulana-mengana-dj-3.jpg 1400w, https:\/\/djvicentegallart.com\/wp-content\/uploads\/2016\/07\/fulana-mengana-dj-3-768x987.jpg 768w, https:\/\/djvicentegallart.com\/wp-content\/uploads\/2016\/07\/fulana-mengana-dj-3-466x600.jpg 466w, https:\/\/djvicentegallart.com\/wp-content\/uploads\/2016\/07\/fulana-mengana-dj-3-500x642.jpg 500w\" sizes=\"auto, (max-width: 1400px) 100vw, 1400px\" \/>\n<img loading=\"lazy\" decoding=\"async\" width=\"1400\" height=\"1800\" src=\"https:\/\/djvicentegallart.com\/wp-content\/uploads\/2016\/07\/fulana-mengana-dj-1.jpg\" title=\"fulana-mengana-dj-1\" alt=\"fulana-mengana-dj-1\" srcset=\"https:\/\/djvicentegallart.com\/wp-content\/uploads\/2016\/07\/fulana-mengana-dj-1.jpg 1400w, https:\/\/djvicentegallart.com\/wp-content\/uploads\/2016\/07\/fulana-mengana-dj-1-768x987.jpg 768w\" sizes=\"auto, (max-width: 1400px) 100vw, 1400px\" \/>\n<img loading=\"lazy\" decoding=\"async\" width=\"1400\" height=\"1800\" src=\"https:\/\/djvicentegallart.com\/wp-content\/uploads\/2016\/07\/fulana-mengana-dj-2.jpg\" title=\"fulana-mengana-dj-2\" alt=\"fulana-mengana-dj-2\" srcset=\"https:\/\/djvicentegallart.com\/wp-content\/uploads\/2016\/07\/fulana-mengana-dj-2.jpg 1400w, https:\/\/djvicentegallart.com\/wp-content\/uploads\/2016\/07\/fulana-mengana-dj-2-768x987.jpg 768w, https:\/\/djvicentegallart.com\/wp-content\/uploads\/2016\/07\/fulana-mengana-dj-2-466x600.jpg 466w, https:\/\/djvicentegallart.com\/wp-content\/uploads\/2016\/07\/fulana-mengana-dj-2-500x642.jpg 500w\" sizes=\"auto, (max-width: 1400px) 100vw, 1400px\" \/>\n\n<img loading=\"lazy\" decoding=\"async\" width=\"1280\" height=\"854\" src=\"https:\/\/djvicentegallart.com\/wp-content\/uploads\/2016\/07\/Vicente-Gallart-y-Maite-de-la-Iglesia.jpeg\" title=\"Vicente Gallart y Maite de la Iglesia\" alt=\"Vicente Gallart y Maite de la Iglesia\" srcset=\"https:\/\/djvicentegallart.com\/wp-content\/uploads\/2016\/07\/Vicente-Gallart-y-Maite-de-la-Iglesia.jpeg 1280w, https:\/\/djvicentegallart.com\/wp-content\/uploads\/2016\/07\/Vicente-Gallart-y-Maite-de-la-Iglesia-768x512.jpeg 768w\" sizes=\"auto, (max-width: 1280px) 100vw, 1280px\" \/>\n\n<h3 style=\"text-align: center;\">con <strong>\u00c1lvaro La Fiebre<\/strong><\/h3>\n\n<p><strong>Vicente Gallart<\/strong>\u00a0form\u00f3 pareja profesional de djs en Madrid con\u00a0<strong>\u00c1lvaro La Fiebre<\/strong>\u00a0en las fiestas\u00a0<strong>FUNKYTOWN<\/strong>\u00a0que se celebraron durante su primera temporada en el espacio\u00a0<strong>Ramses.Life<\/strong>; la segunda temporada se organiz\u00f3 en el\u00a0<strong>Clandestino Hemingway<\/strong>\u00a0del hotel NH Suecia; y la tercera en<b> El 12 Club<\/b> del barrio de Chueca.\u00a0En ellas, desarrollaron un trabajo conceptual que incluy\u00f3 m\u00fasica funkydisco de ayer y hoy, proyecciones dedicadas a iconos de la moda, iluminaci\u00f3n especial y animaci\u00f3n a trav\u00e9s de artistas que, en cada sesi\u00f3n, actuaron en directo.<\/p>\n<p><strong>Vicente Gallart<\/strong> collaborates with the dj <strong>\u00c1lvaro La Fiebre<\/strong> in the <strong>FUNKYTOWN<\/strong> parties that they celebrated in the space <strong>Ramses.Life<\/strong> of Madrid during the first season; actually for the second one they are organized in <strong>Clandestino Hemingway<\/strong> of NH Suecia hotel (every Thursday from 23.00 pm to 3.00 am). Apart of this they also celebrate them in the club <strong>Jerusalem<\/strong> of Valencia monthly. With them they propose a conceptual experience that includes funkydisco music from past and present, projections dedicated to fashion icons, special lights and live acts with artists that contribute with their talent every session.<\/p>\n<img loading=\"lazy\" decoding=\"async\" width=\"1600\" height=\"1200\" src=\"https:\/\/djvicentegallart.com\/wp-content\/uploads\/2016\/07\/Vicente-Gallart-Alvaro-la-Fiebre-1.jpg\" title=\"Vicente Gallart - Alvaro la Fiebre 1\" alt=\"Vicente Gallart - Alvaro la Fiebre 1\" srcset=\"https:\/\/djvicentegallart.com\/wp-content\/uploads\/2016\/07\/Vicente-Gallart-Alvaro-la-Fiebre-1.jpg 1600w, https:\/\/djvicentegallart.com\/wp-content\/uploads\/2016\/07\/Vicente-Gallart-Alvaro-la-Fiebre-1-768x576.jpg 768w\" sizes=\"auto, (max-width: 1600px) 100vw, 1600px\" \/>\n<img loading=\"lazy\" decoding=\"async\" width=\"1600\" height=\"1202\" src=\"https:\/\/djvicentegallart.com\/wp-content\/uploads\/2016\/07\/Vicente-Gallart-Alvaro-la-Fiebre-2.jpg\" title=\"Vicente Gallart - Alvaro la Fiebre 2\" alt=\"Vicente Gallart - Alvaro la Fiebre 2\" srcset=\"https:\/\/djvicentegallart.com\/wp-content\/uploads\/2016\/07\/Vicente-Gallart-Alvaro-la-Fiebre-2.jpg 1600w, https:\/\/djvicentegallart.com\/wp-content\/uploads\/2016\/07\/Vicente-Gallart-Alvaro-la-Fiebre-2-768x577.jpg 768w\" sizes=\"auto, (max-width: 1600px) 100vw, 1600px\" \/>\n<img loading=\"lazy\" decoding=\"async\" width=\"1800\" height=\"1200\" src=\"https:\/\/djvicentegallart.com\/wp-content\/uploads\/2016\/07\/Vicente-Gallart-Alvaro-la-Fiebre-3.jpg\" title=\"Vicente Gallart - Alvaro la Fiebre 3\" alt=\"Vicente Gallart - Alvaro la Fiebre 3\" srcset=\"https:\/\/djvicentegallart.com\/wp-content\/uploads\/2016\/07\/Vicente-Gallart-Alvaro-la-Fiebre-3.jpg 1800w, https:\/\/djvicentegallart.com\/wp-content\/uploads\/2016\/07\/Vicente-Gallart-Alvaro-la-Fiebre-3-768x512.jpg 768w\" sizes=\"auto, (max-width: 1800px) 100vw, 1800px\" \/>\n<img loading=\"lazy\" decoding=\"async\" width=\"708\" height=\"472\" src=\"https:\/\/djvicentegallart.com\/wp-content\/uploads\/2016\/07\/Vicente-Gallart-Alvaro-la-Fiebre-4.jpg\" title=\"Vicente Gallart - Alvaro la Fiebre 4\" alt=\"Vicente Gallart - Alvaro la Fiebre 4\">\n\n<img loading=\"lazy\" decoding=\"async\" width=\"1329\" height=\"1160\" src=\"https:\/\/djvicentegallart.com\/wp-content\/uploads\/2016\/07\/Vicente-Gallart-Alvaro-la-Fiebre-5.jpg\" title=\"Vicente Gallart - Alvaro la Fiebre 5\" alt=\"Vicente Gallart - Alvaro la Fiebre 5\" srcset=\"https:\/\/djvicentegallart.com\/wp-content\/uploads\/2016\/07\/Vicente-Gallart-Alvaro-la-Fiebre-5.jpg 1329w, https:\/\/djvicentegallart.com\/wp-content\/uploads\/2016\/07\/Vicente-Gallart-Alvaro-la-Fiebre-5-768x670.jpg 768w\" sizes=\"auto, (max-width: 1329px) 100vw, 1329px\" \/>\n<img loading=\"lazy\" decoding=\"async\" width=\"708\" height=\"472\" src=\"https:\/\/djvicentegallart.com\/wp-content\/uploads\/2016\/07\/Vicente-Gallart-Alvaro-la-Fiebre-6.jpg\" title=\"Vicente Gallart - Alvaro la Fiebre 6\" alt=\"Vicente Gallart - Alvaro la Fiebre 6\">\n<img loading=\"lazy\" decoding=\"async\" width=\"1800\" height=\"1200\" src=\"https:\/\/djvicentegallart.com\/wp-content\/uploads\/2016\/07\/Vicente-Gallart-Alvaro-la-Fiebre-7.jpg\" title=\"Vicente Gallart - Alvaro la Fiebre 7\" alt=\"Vicente Gallart - Alvaro la Fiebre 7\" srcset=\"https:\/\/djvicentegallart.com\/wp-content\/uploads\/2016\/07\/Vicente-Gallart-Alvaro-la-Fiebre-7.jpg 1800w, https:\/\/djvicentegallart.com\/wp-content\/uploads\/2016\/07\/Vicente-Gallart-Alvaro-la-Fiebre-7-768x512.jpg 768w\" sizes=\"auto, (max-width: 1800px) 100vw, 1800px\" \/>\n<img loading=\"lazy\" decoding=\"async\" width=\"708\" height=\"472\" src=\"https:\/\/djvicentegallart.com\/wp-content\/uploads\/2016\/07\/Vicente-Gallart-Alvaro-la-Fiebre-8.jpg\" title=\"Vicente Gallart - Alvaro la Fiebre 8\" alt=\"Vicente Gallart - Alvaro la Fiebre 8\">\n\n<img loading=\"lazy\" decoding=\"async\" width=\"708\" height=\"472\" src=\"https:\/\/djvicentegallart.com\/wp-content\/uploads\/2016\/07\/ramses1.jpg\" title=\"ramses1\" alt=\"ramses1\">\n<img loading=\"lazy\" decoding=\"async\" width=\"1363\" height=\"1478\" src=\"https:\/\/djvicentegallart.com\/wp-content\/uploads\/2016\/07\/vicente-alvaro.jpg\" title=\"vicente-alvaro\" alt=\"vicente-alvaro\" srcset=\"https:\/\/djvicentegallart.com\/wp-content\/uploads\/2016\/07\/vicente-alvaro.jpg 1363w, https:\/\/djvicentegallart.com\/wp-content\/uploads\/2016\/07\/vicente-alvaro-768x833.jpg 768w\" sizes=\"auto, (max-width: 1363px) 100vw, 1363px\" \/>\n<img loading=\"lazy\" decoding=\"async\" width=\"708\" height=\"472\" src=\"https:\/\/djvicentegallart.com\/wp-content\/uploads\/2016\/07\/ramses2.jpg\" title=\"ramses2\" alt=\"ramses2\">\n<img loading=\"lazy\" decoding=\"async\" width=\"960\" height=\"640\" src=\"https:\/\/djvicentegallart.com\/wp-content\/uploads\/2016\/07\/funkytown.jpg\" title=\"funkytown\" alt=\"funkytown\" srcset=\"https:\/\/djvicentegallart.com\/wp-content\/uploads\/2016\/07\/funkytown.jpg 960w, https:\/\/djvicentegallart.com\/wp-content\/uploads\/2016\/07\/funkytown-768x512.jpg 768w\" sizes=\"auto, (max-width: 960px) 100vw, 960px\" \/>\n\n<img loading=\"lazy\" decoding=\"async\" width=\"1800\" height=\"1200\" src=\"https:\/\/djvicentegallart.com\/wp-content\/uploads\/2016\/07\/MG_3988.jpg\" title=\"Funkytown\" alt=\"Funkytown\" srcset=\"https:\/\/djvicentegallart.com\/wp-content\/uploads\/2016\/07\/MG_3988.jpg 1800w, https:\/\/djvicentegallart.com\/wp-content\/uploads\/2016\/07\/MG_3988-768x512.jpg 768w\" sizes=\"auto, (max-width: 1800px) 100vw, 1800px\" \/>\n<img loading=\"lazy\" decoding=\"async\" width=\"1397\" height=\"1195\" src=\"https:\/\/djvicentegallart.com\/wp-content\/uploads\/2016\/07\/MG_3611.jpg\" title=\"Funkytown\" alt=\"Funkytown\" srcset=\"https:\/\/djvicentegallart.com\/wp-content\/uploads\/2016\/07\/MG_3611.jpg 1397w, https:\/\/djvicentegallart.com\/wp-content\/uploads\/2016\/07\/MG_3611-768x657.jpg 768w\" sizes=\"auto, (max-width: 1397px) 100vw, 1397px\" \/>\n<img loading=\"lazy\" decoding=\"async\" width=\"1800\" height=\"1200\" src=\"https:\/\/djvicentegallart.com\/wp-content\/uploads\/2016\/07\/go-wild-vicente-pablo-paniagua-07.jpg\" title=\"Funkytown\" alt=\"Funkytown\" srcset=\"https:\/\/djvicentegallart.com\/wp-content\/uploads\/2016\/07\/go-wild-vicente-pablo-paniagua-07.jpg 1800w, https:\/\/djvicentegallart.com\/wp-content\/uploads\/2016\/07\/go-wild-vicente-pablo-paniagua-07-768x512.jpg 768w\" sizes=\"auto, (max-width: 1800px) 100vw, 1800px\" \/>\n<img loading=\"lazy\" decoding=\"async\" width=\"1350\" height=\"1034\" src=\"https:\/\/djvicentegallart.com\/wp-content\/uploads\/2016\/07\/MG_3822.jpg\" title=\"Funkytown\" alt=\"Funkytown\" srcset=\"https:\/\/djvicentegallart.com\/wp-content\/uploads\/2016\/07\/MG_3822.jpg 1350w, https:\/\/djvicentegallart.com\/wp-content\/uploads\/2016\/07\/MG_3822-768x588.jpg 768w\" sizes=\"auto, (max-width: 1350px) 100vw, 1350px\" \/>\n\n<img loading=\"lazy\" decoding=\"async\" width=\"1000\" height=\"667\" src=\"https:\/\/djvicentegallart.com\/wp-content\/uploads\/2016\/07\/JERUSALEM-POP-ROCK-24-11-2018-2.jpeg\" title=\"JERUSALEM POP &amp; ROCK - 24-11-2018\" alt=\"JERUSALEM POP &amp; ROCK - 24-11-2018\" srcset=\"https:\/\/djvicentegallart.com\/wp-content\/uploads\/2016\/07\/JERUSALEM-POP-ROCK-24-11-2018-2.jpeg 1000w, https:\/\/djvicentegallart.com\/wp-content\/uploads\/2016\/07\/JERUSALEM-POP-ROCK-24-11-2018-2-768x512.jpeg 768w\" sizes=\"auto, (max-width: 1000px) 100vw, 1000px\" \/>\n<img loading=\"lazy\" decoding=\"async\" width=\"1000\" height=\"667\" src=\"https:\/\/djvicentegallart.com\/wp-content\/uploads\/2016\/07\/JERUSALEM-POP-ROCK-24-11-2018-4.jpeg\" title=\"JERUSALEM POP &amp; ROCK - 24-11-2018\" alt=\"JERUSALEM POP &amp; ROCK - 24-11-2018\" srcset=\"https:\/\/djvicentegallart.com\/wp-content\/uploads\/2016\/07\/JERUSALEM-POP-ROCK-24-11-2018-4.jpeg 1000w, https:\/\/djvicentegallart.com\/wp-content\/uploads\/2016\/07\/JERUSALEM-POP-ROCK-24-11-2018-4-768x512.jpeg 768w\" sizes=\"auto, (max-width: 1000px) 100vw, 1000px\" \/>\n<img loading=\"lazy\" decoding=\"async\" width=\"1000\" height=\"667\" src=\"https:\/\/djvicentegallart.com\/wp-content\/uploads\/2016\/07\/JERUSALEM-POP-ROCK-24-11-2018-5.jpeg\" title=\"JERUSALEM POP &amp; ROCK - 24-11-2018\" alt=\"JERUSALEM POP &amp; ROCK - 24-11-2018\" srcset=\"https:\/\/djvicentegallart.com\/wp-content\/uploads\/2016\/07\/JERUSALEM-POP-ROCK-24-11-2018-5.jpeg 1000w, https:\/\/djvicentegallart.com\/wp-content\/uploads\/2016\/07\/JERUSALEM-POP-ROCK-24-11-2018-5-768x512.jpeg 768w\" sizes=\"auto, (max-width: 1000px) 100vw, 1000px\" \/>\n<img loading=\"lazy\" decoding=\"async\" width=\"1000\" height=\"667\" src=\"https:\/\/djvicentegallart.com\/wp-content\/uploads\/2016\/07\/JERUSALEM-POP-ROCK-24-11-2018-6.jpeg\" title=\"JERUSALEM POP &amp; ROCK - 24-11-2018\" alt=\"JERUSALEM POP &amp; ROCK - 24-11-2018\" srcset=\"https:\/\/djvicentegallart.com\/wp-content\/uploads\/2016\/07\/JERUSALEM-POP-ROCK-24-11-2018-6.jpeg 1000w, https:\/\/djvicentegallart.com\/wp-content\/uploads\/2016\/07\/JERUSALEM-POP-ROCK-24-11-2018-6-768x512.jpeg 768w\" sizes=\"auto, (max-width: 1000px) 100vw, 1000px\" \/>\n\n<img loading=\"lazy\" decoding=\"async\" width=\"931\" height=\"698\" src=\"https:\/\/djvicentegallart.com\/wp-content\/uploads\/2016\/07\/Vicente-Gallart-y-Alvaro-la-Fiebre-4.jpg\" title=\"Vicente Gallart y \u00c1lvaro la Fiebre\" alt=\"Vicente Gallart y \u00c1lvaro la Fiebre\" srcset=\"https:\/\/djvicentegallart.com\/wp-content\/uploads\/2016\/07\/Vicente-Gallart-y-Alvaro-la-Fiebre-4.jpg 931w, https:\/\/djvicentegallart.com\/wp-content\/uploads\/2016\/07\/Vicente-Gallart-y-Alvaro-la-Fiebre-4-768x576.jpg 768w\" sizes=\"auto, (max-width: 931px) 100vw, 931px\" \/>\n<img loading=\"lazy\" decoding=\"async\" width=\"565\" height=\"928\" src=\"https:\/\/djvicentegallart.com\/wp-content\/uploads\/2016\/07\/Vicente-Gallart-y-Alvaro-la-Fiebre.jpg\" title=\"Vicente Gallart y \u00c1lvaro la Fiebre\" alt=\"Vicente Gallart y \u00c1lvaro la Fiebre\">\n<img loading=\"lazy\" decoding=\"async\" width=\"1000\" height=\"667\" src=\"https:\/\/djvicentegallart.com\/wp-content\/uploads\/2016\/07\/Vicente-Gallart-y-Alvaro-la-Fiebre-2.jpg\" title=\"Vicente Gallart y \u00c1lvaro la Fiebre\" alt=\"Vicente Gallart y \u00c1lvaro la Fiebre\" srcset=\"https:\/\/djvicentegallart.com\/wp-content\/uploads\/2016\/07\/Vicente-Gallart-y-Alvaro-la-Fiebre-2.jpg 1000w, https:\/\/djvicentegallart.com\/wp-content\/uploads\/2016\/07\/Vicente-Gallart-y-Alvaro-la-Fiebre-2-768x512.jpg 768w\" sizes=\"auto, (max-width: 1000px) 100vw, 1000px\" \/>\n<img loading=\"lazy\" decoding=\"async\" width=\"733\" height=\"584\" src=\"https:\/\/djvicentegallart.com\/wp-content\/uploads\/2016\/07\/Vicente-Gallart-y-Alvaro-la-Fiebre-3.jpg\" title=\"Vicente Gallart y \u00c1lvaro la Fiebre\" alt=\"Vicente Gallart y \u00c1lvaro la Fiebre\">\n<h1 style=\"text-align: center;\">CONTACT<\/h1>\n<a href=\"mailto:vicengallart@yahoo.es\"> <i><svg aria-hidden=\"true\"><use href=\"#tf-far-envelope\"><\/use><\/svg><\/i> <\/a>","_links":{"self":[{"href":"https:\/\/djvicentegallart.com\/index.php?rest_route=\/wp\/v2\/pages\/2148","targetHints":{"allow":["GET"]}}],"collection":[{"href":"https:\/\/djvicentegallart.com\/index.php?rest_route=\/wp\/v2\/pages"}],"about":[{"href":"https:\/\/djvicentegallart.com\/index.php?rest_route=\/wp\/v2\/types\/page"}],"author":[{"embeddable":true,"href":"https:\/\/djvicentegallart.com\/index.php?rest_route=\/wp\/v2\/users\/1"}],"replies":[{"embeddable":true,"href":"https:\/\/djvicentegallart.com\/index.php?rest_route=%2Fwp%2Fv2%2Fcomments&post=2148"}],"version-history":[{"count":110,"href":"https:\/\/djvicentegallart.com\/index.php?rest_route=\/wp\/v2\/pages\/2148\/revisions"}],"predecessor-version":[{"id":2340,"href":"https:\/\/djvicentegallart.com\/index.php?rest_route=\/wp\/v2\/pages\/2148\/revisions\/2340"}],"wp:attachment":[{"href":"https:\/\/djvicentegallart.com\/index.php?rest_route=%2Fwp%2Fv2%2Fmedia&parent=2148"}],"curies":[{"name":"wp","href":"https:\/\/api.w.org\/{rel}","templated":true}]}}